{"id":23423,"date":"2026-04-12T04:42:10","date_gmt":"2026-04-12T02:42:10","guid":{"rendered":"https:\/\/test-ciekawsko.pl\/katalog-firm\/?page_id=23423"},"modified":"2026-04-12T04:42:10","modified_gmt":"2026-04-12T02:42:10","slug":"polityka-prywatnosci-i-rodo","status":"publish","type":"page","link":"https:\/\/test-ciekawsko.pl\/katalog-firm\/polityka-prywatnosci-i-rodo\/","title":{"rendered":"Polityka Prywatno\u015bci i RODO"},"content":{"rendered":"\n<p>Data ostatniej aktualizacji 25 maja 2018 roku.<br><br>Szanujemy Twoj\u0105 prywatno\u015b\u0107 i dbamy o ochron\u0119 Twoich danych osobistych. Niniejsza Polityka Prywatno\u015bci dostarczy Ci informacji na temat tego, w jaki spos\u00f3b post\u0119pujemy z Twoimi danymi osobowymi. Dowiesz si\u0119 tak\u017ce o przys\u0142uguj\u0105cych Ci prawach oraz o tym, jak obowi\u0105zuj\u0105ce przepisy chroni\u0105 Ciebie i Twoje dane osobowe. Prosimy o uwa\u017cne zapoznanie si\u0119 z tre\u015bci\u0105 Polityki Prywatno\u015bci przed rozpocz\u0119ciem korzystania z naszych Us\u0142ug.<br><br><strong>I. Kto jest Administratorem Twoich danych ? czyli komu je powierzasz?<\/strong><br>Administratorem Twoich danych osobowych, jest&nbsp; serwis ciekawsko.pl<br><br><strong>II. W jakim celu zbieramy Twoje dane?<\/strong><\/p>\n\n\n\n<ol class=\"wp-block-list\">\n<li>Zak\u0142adanie konta i uwierzytelnienie U\u017cytkownika w Serwisie<\/li>\n\n\n\n<li>Zakladajac konto w serisie ciekawsko.pl wyrazasz zgodne na przetwarzanie twoich danych np. adres email, regiona zamieszkania, nr tel.<\/li>\n<\/ol>\n\n\n\n<p><strong>Podstawa prawna<\/strong>: &#8222;przetwarzanie jest niezb\u0119dne do wykonania umowy, kt\u00f3rej stron\u0105 jest osoba, kt\u00f3rej dane dotycz\u0105, lub do podj\u0119cia dzia\u0142a\u0144 na \u017c\u0105danie osoby, kt\u00f3rej dane dotycz\u0105, przed zawarciem umowy&#8221; (art. 6 ust. 1 lit. b RODO).<br><strong>Zakres danych jakie od Ciebie pozyskujemy to<\/strong>: nazwa u\u017cytkownika, adres e-mail oraz ustanowione przez Ciebie has\u0142o. Dane te s\u0105 pozyskiwane poprzez formularz rejestracyjny.<\/p>\n\n\n\n<ul class=\"wp-block-list\">\n<li>a) Us\u0142ugi, dla kt\u00f3rych nie wymagane jest z\u0142o\u017cenia konta<\/li>\n<\/ul>\n\n\n\n<p><strong>Wykaz us\u0142ug<\/strong>: W serwisie s\u0105 us\u0142ugi, dla kt\u00f3rych nie jest wymagane korzystanie z rejestracji konta np. odpowiadanie na zamieszczone og\u0142oszenia, przegl\u0105danie og\u0142osze\u0144, wyszukiwanie og\u0142osze\u0144 za pomoc\u0105 wyszukiwarki dost\u0119pnej na stronie oraz dodawanie og\u0142osze\u0144.<br><strong>Podstawa prawna<\/strong>: &#8222;przetwarzanie jest niezb\u0119dne do wykonania umowy, kt\u00f3rej stron\u0105 jest osoba, kt\u00f3rej dane dotycz\u0105, lub do podj\u0119cia dzia\u0142a\u0144 na \u017c\u0105danie osoby, kt\u00f3rej dane dotycz\u0105, przed zawarciem umowy&#8221; (art. 6 ust. 1 lit. b RODO).<br><strong>Zakres danych jakie od Ciebie pozyskujemy to<\/strong>: dane o Twojej aktywno\u015bci w serwisie, w szczeg\u00f3lno\u015bci dane dotycz\u0105ce odwiedzanych przez Ciebie og\u0142osze\u0144, dane dotycz\u0105ce sesji , systemu operacyjnego, przegl\u0105darki, lokalizacji i adresu IP.<\/p>\n\n\n\n<ul class=\"wp-block-list\">\n<li>b) Us\u0142ugi, dla kt\u00f3rych wymagane jest za\u0142o\u017cenie konta<\/li>\n<\/ul>\n\n\n\n<p><strong>Wykaz us\u0142ug<\/strong>: W serwisie aby korzysta\u0107 z pe\u0142ni us\u0142ug i funkcjonalno\u015bci nale\u017cy posiada\u0107 aktywne konto u\u017cytkownika. Na koncie U\u017cytkownika znajduj\u0105 si\u0119 wiadomo\u015bci kierowane w zwi\u0105zku z zamieszczonym przez Ciebie og\u0142oszeniem, faktury czy np. stan zakupionych pakiet\u00f3w.<br><strong>Podstawa prawna<\/strong>: &#8222;przetwarzanie jest niezb\u0119dne do wykonania umowy, kt\u00f3rej stron\u0105 jest osoba, kt\u00f3rej dane dotycz\u0105, lub do podj\u0119cia dzia\u0142a\u0144 na \u017c\u0105danie osoby, kt\u00f3rej dane dotycz\u0105, przed zawarciem umowy&#8221; (art. 6 ust. 1 lit. b RODO).<br><strong>Zakres danych jakie od Ciebie pozyskujemy to<\/strong>: dane podane przez Ciebie w profilu U\u017cytkownika oraz dane o Twojej aktywno\u015bci w serwisie, w szczeg\u00f3lno\u015bci dane dotycz\u0105ce odwiedzanych przez Ciebie og\u0142osze\u0144, dane dotycz\u0105ce sesji , systemu operacyjnego, przegl\u0105darki, lokalizacji i adresu IP.<br>Dane obligatoryjne s\u0105 oznaczone przez nasz system, a ich niepodanie skutkowa\u0107 b\u0119dzie brakiem mo\u017cliwo\u015bci \u015bwiadczenia przez nas okre\u015blonych us\u0142ug i funkcjonalno\u015bci Konta.<\/p>\n\n\n\n<ol class=\"wp-block-list\">\n<li>Rozpatrywanie i egzekucja skarg i roszcze\u0144<\/li>\n<\/ol>\n\n\n\n<p><strong>Podstawa prawna<\/strong>: &#8222;przetwarzanie jest niezb\u0119dne do cel\u00f3w wynikaj\u0105cych z prawnie uzasadnionych interes\u00f3w realizowanych przez administratora lub przez stron\u0119 trzeci\u0105, z wyj\u0105tkiem sytuacji, w kt\u00f3rych nadrz\u0119dny charakter wobec tych interes\u00f3w maj\u0105 interesy lub podstawowe prawa i wolno\u015bci osoby, kt\u00f3rej dane dotycz\u0105, wymagaj\u0105ce ochrony danych osobowych, w szczeg\u00f3lno\u015bci gdy osoba, kt\u00f3rej dane dotycz\u0105, jest dzieckiem&#8221; (art. 6 ust. 1 lit. f RODO)<br><strong>Zakres danych jakie od Ciebie pozyskujemy to<\/strong>: dane podane w Profilu U\u017cytkownika, dane dotycz\u0105ce korzystania z naszych us\u0142ug je\u017celi z\u0142o\u017cone skargi czy roszczenia dotycz\u0105 us\u0142ug przez nas \u015bwiadczonych, inne dane, kt\u00f3re s\u0105 niezb\u0119dne do wykazania istnienia roszczenia.<br>W przypadku za\u0142\u0105czenia dokumentacji do z\u0142o\u017conej skargi lub roszczenia, niezb\u0119dne b\u0119dzie pozyskanie danych z tych dokument\u00f3w.<br><br><strong>III. Komu udost\u0119pniamy Twoje dane?<\/strong><\/p>\n\n\n\n<ol class=\"wp-block-list\">\n<li>Twoje dane s\u0105 udost\u0119pniane wy\u0142\u0105cznie w celu:<\/li>\n<\/ol>\n\n\n\n<p>-zapewnienia dost\u0119pu oraz \u015bwiadczenia Us\u0142ug za po\u015brednictwem Serwisu<br>-zapewnienia wygody korzystania ze \u015bwiadczonych us\u0142ug<br>-zapewnienia bezpiecze\u0144stwa Serwisu<br>Twoje dane nie s\u0105 przez nas administrowane, a jedynie po\u015bredniczymy w ich wymianie.<\/p>\n\n\n\n<ol class=\"wp-block-list\">\n<li>Twoje dane mog\u0105 zosta\u0107 udost\u0119pnione poni\u017cszym podmiotom:<\/li>\n<\/ol>\n\n\n\n<p><strong>Dostawcy us\u0142ug:<\/strong>&nbsp;Twoje dane osobowe s\u0105 udost\u0119pniane dostawcom us\u0142ug, z kt\u00f3rych korzystamy przy prowadzeniu Serwisu. Dostawcy us\u0142ug we w\u0142asnym zakresie okre\u015blaj\u0105 cele i zasady przetwarzania danych osobowych. Ze wzgl\u0119du na konieczno\u015b\u0107 zapobiegania wykonywania pewnych funkcji robotom internetowym, stosujemy mechanizm Google reCAPTCHA do badania, czy zachowania u\u017cytkownik\u00f3w naszej platformy handlowej nie nosz\u0105 znamion zachowa\u0144 robot\u00f3w. W takiej sytuacji mo\u017cemy ujawni\u0107 Google LLC Tw\u00f3j adres IP.<br><strong>Podmioty przetwarzaj\u0105ce:<\/strong>&nbsp;Twoje dane s\u0105 przetwarzane przez dostawc\u00f3w wy\u0142\u0105cznie na nasze polecenie. Podmioty te \u015bwiadcz\u0105 dla nas us\u0142ugi hostingu, marketingu online, obs\u0142ugi poczty e mail, powiadomie\u0144 web push czy inne zwi\u0105zane z analiz\u0105 ruchu w Serwisie, analiz\u0105 skuteczno\u015bci prowadzonych kampanii marketingowych oraz monitorowania zachowa\u0144 u\u017cytkownik\u00f3w, profilowania danych i targetowania. Podmioty te wspieraj\u0105 realizacj\u0119 us\u0142ug zwi\u0105zanych z funkcjonalno\u015bci\u0105 Konta U\u017cytkownika.<br>W ka\u017cdym przypadku, je\u015bli sobie tego za\u017cyczysz mamy obowi\u0105zek udost\u0119pni\u0107 kopie standardowych klauzul umownych.<br><strong>Organy Pa\u0144stwowe, \u015bcigania, nadzorcze i inne<\/strong>: Poniewa\u017c mamy obowi\u0105zki prawne, Twoje dane mog\u0105 zosta\u0107 ujawnione organom \u015bcigania, nadzorczym, podmiotom wykonuj\u0105cym zadania publiczne, organom w\u0142adzy publicznej oraz organom dzia\u0142aj\u0105cym na ich zlecenie tj. jednostki organizacyjne prokuratury, Policja, Generalny Inspektor Ochrony Danych Osobowych (Prezes Urz\u0119du Ochrony Danych Osobowych), Prezes Urz\u0119du Ochrony Konkurencji i Konsument\u00f3w lub Prezes Urz\u0119du Komunikacji Elektronicznej.<br><strong>Nowym nabywcom przedsi\u0119biorstwa<\/strong>: w momencie podj\u0119cia decyzji o sprzeda\u017cy naszych aktyw\u00f3w lub ca\u0142ego przedsi\u0119biorstwa, Twoje dane mog\u0105 zosta\u0107 przekazane nowemu nabywcy. W takim przypadku nabywca b\u0119dzie mia\u0142 prawo do wykorzystywania Twoich danych osobowych w spos\u00f3b okre\u015blony w niniejszej polityce.<\/p>\n\n\n\n<ol class=\"wp-block-list\">\n<li>Czy przekazujemy Twoje dane do pa\u0144stw spoza Europejskiego Obszaru Gospodarczego?<\/li>\n<\/ol>\n\n\n\n<p>Twoje dane osobowe b\u0119d\u0105 przekazywane poza Europejski Obszar Gospodarczy do Google LLC w oparciu o odpowiednie zabezpieczenia prawne, kt\u00f3rymi s\u0105 standardowe klauzule umowne ochrony danych osobowych, zatwierdzone przez Komisj\u0119 Europejsk\u0105.<br><br><br><strong>IV. W jaki spos\u00f3b dbamy o bezpiecze\u0144stwo Twoich danych<\/strong><br>Wszystkie zgromadzone dane osobowe, przechowywane s\u0105 na odpowiednio zabezpieczonych serwerach. Twoje dane s\u0105 chronione wewn\u0119trznymi procedurami ochrony danych osobowych oraz wdro\u017conymi systemami zabezpiecze\u0144. Nasze systemy s\u0105 nieustannie monitorowane aby zapobiec takim sytuacjom jak: przypadkowa utrata, ujawnienie lub dost\u0119p do danych przez osoby nieuprawnione.<br>Ponadto Twoje dane osobowe u\u017cywane podczas rejestracji i logowania u\u017cywaj\u0105 szyfrowanej transmisji danych (SSL). Pozwala to na ochron\u0119 danych identyfikacyjnych i minimalizuje ryzyko przechwycenia dost\u0119pu do Konta przez nieuprawnione podmioty lub osoby trzecie.<br><br><strong>V. Czas przechowywania Twoich danych osobowych<\/strong><br>Twoje dane osobowe s\u0105 przechowywane przez czas posiadania konta w serwisie i tylko i wy\u0142\u0105cznie w celach \u015bwiadczenia us\u0142ug zgodnie z Regulaminem i do cel\u00f3w marketingowych.<br>Twoje dane po usuni\u0119ciu konta w Serwisie mog\u0105 zosta\u0107 przechowywane do realizacji obowi\u0105zk\u00f3w wynikaj\u0105cych z przepis\u00f3w prawa lub w celu prawnie uzasadnionych interes\u00f3w. Niezale\u017cnie od powy\u017cszego, Twoje dane przetwarzane w ramach zamieszczonych tre\u015bci (og\u0142osze\u0144) s\u0105 przechowywane przez okres 24 miesi\u0119cy od dnia wyga\u015bni\u0119cia lub usuni\u0119cia og\u0142oszenia.<br>Dane osobowe, kt\u00f3re s\u0105 zwi\u0105zane z plikami Cookies s\u0105 przechowywane przez okres odpowiadaj\u0105cy cyklowi ich \u017cycia lub czasu, w kt\u00f3rym sam je usuniesz.<br>Za\u0142\u0105czniki przesy\u0142ane w wiadomo\u015bciach za po\u015brednictwem Serwisu przechowywane s\u0105 do 36 miesi\u0119cy. Niezale\u017cnie od powy\u017cszego, mo\u017cesz w ka\u017cdym momencie sam usun\u0105\u0107 wszelkie wiadomo\u015bci, otrzymane w zwi\u0105zku z dodanym og\u0142oszeniem w naszym serwisie.<br><br><strong>VI. Twoje prawa w zwi\u0105zku z przetwarzaniem danych<\/strong><br>Zgodnie z nowymi przepisami ka\u017cdy U\u017cytkownik posiada prawa , kt\u00f3re s\u0105 zwi\u0105zane z przetwarzaniem Twoich danych osobowych.<br>W ka\u017cdym momencie masz prawo do skorzystania z poni\u017cszych praw:<\/p>\n\n\n\n<ol class=\"wp-block-list\">\n<li><strong>Prawo do ograniczenia przetwarzania Twoich danych<\/strong>\u00a0&#8211; czyli prawo do wstrzymania przetwarzania przez nas Twoich danych osobowych,<\/li>\n\n\n\n<li><strong>Prawo dost\u0119pu do swoich danych osobowych<\/strong>\u00a0&#8211; czyli prawo do informacji dotycz\u0105cej przetwarzania Twoich danych osobowych oraz w momencie ich przetwarzania do otrzymania kopii danych osobowych,<\/li>\n\n\n\n<li><strong>Prawo do sprostowania Twoich danych osobowych<\/strong>\u00a0&#8211; je\u017celi Twoje dane s\u0105 niekompletne, nieaktualne lub nieprawdziwe masz prawo do ich poprawienia. Niekt\u00f3re zmiany b\u0119d\u0105 wymaga\u0107 weryfikacji.<\/li>\n\n\n\n<li><strong>Prawo do bycia zapomnianym\u00a0<\/strong>&#8211; prawo to daje Tobie mo\u017cliwo\u015b\u0107 usuni\u0119cia wszystkich danych, kt\u00f3re zosta\u0142y zgromadzone w naszej bazie danych na Tw\u00f3j temat je\u017celi nie s\u0105 ju\u017c niezb\u0119dne do cel\u00f3w, dla kt\u00f3rych zosta\u0142y przez nas zebrane.<\/li>\n\n\n\n<li><strong>Prawo do cofni\u0119cia zgody<\/strong>\u00a0&#8211; w ka\u017cdej chwili przys\u0142uguje Ci prawo do cofni\u0119cia ka\u017cdej zgody, kt\u00f3r\u0105 wyrazi\u0142e\u015b w momencie dokonywania okre\u015blonych czynno\u015bci takich jak np. rejestracja czy wszelkie us\u0142ugi i funkcjonalno\u015bci oferowane przez Lento.pl. Zmiana dotycz\u0105ca Twoich zg\u00f3d nie mo\u017ce poci\u0105ga\u0107 \u017cadnych konsekwencji, jednak\u017ce cofni\u0119cie ich mo\u017ce spowodowa\u0107 uniemo\u017cliwienie dalszego korzystania z us\u0142ugi lub funkcjonalno\u015bci, kt\u00f3re wymagaj\u0105 cofni\u0119tej zgody zgodnie z art 7 ust. 3 RODO.<\/li>\n\n\n\n<li><strong>Prawo do sprzeciwu wykorzystania danych\u00a0<\/strong>&#8211; w ka\u017cdym momencie masz prawo do wniesienia sprzeciwu wobec wykorzystania przez nas Twoich danych osobowych . Sprzeciw wobec wykorzystywania danych, b\u0119dzie r\u00f3wnie\u017c oznacza\u0107 Twoj\u0105 rezygnacj\u0119 z otrzymywania powiadomie\u0144, zwi\u0105zanych ze \u015bwiadczeniem dost\u0119pnych us\u0142ug w ramach serwisu oraz przy wysy\u0142aniu komunikat\u00f3w marketingowych w formie wiadomo\u015bci e-mail dotycz\u0105cych wdro\u017conych produkt\u00f3w. Sprzeciw mo\u017ce skutkowa\u0107 usuni\u0119ciem Twoich danych, je\u017celi nie b\u0119dziemy mieli innej podstawy prawnej do przetwarzania Twoich danych zgodnie z art. 21 RODO.<\/li>\n\n\n\n<li><strong>Prawo do przes\u0142ania danych innemu podmiotowi<\/strong>\u00a0&#8211; Je\u017celi tego sobie \u017cyczysz masz prawo do otrzymania swoich danych, kt\u00f3re zosta\u0142y przez nas zebrane i przes\u0142a\u0107 je do innego administratora danych osobowych. Na twoj\u0105 pro\u015bb\u0119, dane te b\u0119d\u0105 przez nas przes\u0142ane pod warunkiem mo\u017cliwo\u015bci technicznych do takiego przesy\u0142u. W takim przypadku, zgromadzone przez nas dane b\u0119d\u0105 przekazane jako plik zapisany w powszechnie u\u017cywanym formacie (np. csv) i przekazane bezpo\u015brednio wskazanemu administratorowi zgodnie z art. 20 RODO<\/li>\n<\/ol>\n\n\n\n<p><strong>VII. Kontakt<\/strong><br>W celu uzyskania bardziej szczeg\u00f3\u0142owych informacji na temat naszej polityki prywatno\u015bci lub skorzysta\u0107 z przys\u0142uguj\u0105cych Ci praw mo\u017cesz skontaktowa\u0107 si\u0119 z nami poprzez:<br>&#8211; poprzez:&nbsp;<a href=\"https:\/\/www.ciekawsko.pl\/kontakt\/\">Formularz kontaktowy<\/a><br>&#8211; przes\u0142anie wiadomo\u015bci droga mailow\u0105 na adres:&nbsp;<strong>kontakt@ciekawsko.pl<\/strong><\/p>\n\n\n\n<p><strong>Ciasteczka, pami\u0119\u0107 lokalna oraz pixel tags.<\/strong><br>U\u017cywamy ciasteczek oraz innych podobnych technologii takich jak, pami\u0119\u0107 lokalna czy pixel tags w celu zapewnienia najlepszej jako\u015bci us\u0142ug.<\/p>\n\n\n\n<p>Ciasteczka to ma\u0142e tekstowe pliki, kt\u00f3re zapisywane s\u0105 na Twoim komputerze poprzez strony internetowe kt\u00f3re odwiedzasz. S\u0105 szeroko stosowane by zapewni\u0107 lub usprawni\u0107 dzia\u0142anie stron internetowych. U\u017cywamy ich mi\u0119dzy innymi do badania wydajno\u015bci naszych Us\u0142ug, w celu umo\u017cliwienia u\u017cytkownikom logowania do konta lub zapisywania preferencji u\u017cytkownika.<\/p>\n\n\n\n<p>Pixel tags to ma\u0142e porcje kodu, na stronie, aplikacji, lub w powiadomieniu email. Jak wiele innych firm, mo\u017cemy ich u\u017cywa\u0107 do potwierdzenia czy u\u017cytkownik wszed\u0142 w interakcj\u0119 z okre\u015blonymi tre\u015bciami oraz by poprawi\u0107 i zmierzy\u0107 wydajno\u015b\u0107 naszych Us\u0142ug.<\/p>\n\n\n\n<p>Pami\u0119\u0107 lokalna to standardowa technologia, pozwalaj\u0105ca stronie lub aplikacji na zapisanie danych lokalnie na komputerze u\u017cytkownika i tak jak inne technologie pozwala nam na poprawienie Us\u0142ug oraz sprawienie by dzia\u0142a\u0142y szybciej i bardziej niezawodnie.<\/p>\n\n\n\n<p><strong>Us\u0142ugi zapewniane przez podmioty trzecie.<\/strong><br>W celu wzbogacenia Us\u0142ug i funkcjonalno\u015bci , zaimplementowali\u015bmy spo\u0142eczno\u015bciowe przyciski, pluginy, wid\u017cety, oprogramowanie typu analytics oraz skryptu od podmiot\u00f3w trzecich takich jak Facebook, Twitter, Google. Us\u0142ugi z tak\u0105 funkcjonalno\u015bci\u0105 mog\u0105 u\u017cywa\u0107 ciasteczek tych podmiot\u00f3w (tzw. third-party cookies), nad kt\u00f3rymi nie mamy kontroli. W zwi\u0105zku z tym powiniene\u015b zawsze sprawdzi\u0107 odpowiedni\u0105 us\u0142ug\u0119 podmiotu trzeciego by dowiedzie\u0107 si\u0119 wi\u0119cej na temat tego jak dzia\u0142aj\u0105 te ciasteczka.<\/p>\n\n\n\n<p><strong>Wy\u0142\u0105czenie obs\u0142ugi.<\/strong><br>Mo\u017cesz zawsze wy\u0142\u0105czy\u0107 obs\u0142ug\u0119 ciasteczek w Twojej przegl\u0105darce, w\u0142\u0105cznie z obs\u0142ug\u0105 ciasteczek podmiot\u00f3w trzecich, a tak\u017ce wyczy\u015bci\u0107 lokaln\u0105 pami\u0119\u0107. Jednak\u017ce uwzgl\u0119dnij to, i\u017c pewne funkcje naszych Us\u0142ug, takie jak autentykacja czy pami\u0119tanie Twoich preferencji mog\u0105 w takim przypadku nie dzia\u0142a\u0107 prawid\u0142owo.<\/p>\n","protected":false},"excerpt":{"rendered":"<p>Data ostatniej aktualizacji 25 maja 2018 roku. Szanujemy Twoj\u0105 prywatno\u015b\u0107 i dbamy o ochron\u0119 Twoich danych osobistych. Niniejsza Polityka Prywatno\u015bci dostarczy Ci informacji na temat tego, w jaki spos\u00f3b post\u0119pujemy z Twoimi danymi osobowymi. Dowiesz si\u0119 tak\u017ce o przys\u0142uguj\u0105cych Ci prawach oraz o tym, jak obowi\u0105zuj\u0105ce przepisy chroni\u0105 Ciebie i Twoje dane osobowe. Prosimy o [&hellip;]<\/p>\n","protected":false},"author":1,"featured_media":0,"parent":0,"menu_order":0,"comment_status":"closed","ping_status":"closed","template":"","meta":{"footnotes":""},"class_list":["post-23423","page","type-page","status-publish","hentry"],"_links":{"self":[{"href":"https:\/\/test-ciekawsko.pl\/katalog-firm\/wp-json\/wp\/v2\/pages\/23423","targetHints":{"allow":["GET"]}}],"collection":[{"href":"https:\/\/test-ciekawsko.pl\/katalog-firm\/wp-json\/wp\/v2\/pages"}],"about":[{"href":"https:\/\/test-ciekawsko.pl\/katalog-firm\/wp-json\/wp\/v2\/types\/page"}],"author":[{"embeddable":true,"href":"https:\/\/test-ciekawsko.pl\/katalog-firm\/wp-json\/wp\/v2\/users\/1"}],"replies":[{"embeddable":true,"href":"https:\/\/test-ciekawsko.pl\/katalog-firm\/wp-json\/wp\/v2\/comments?post=23423"}],"version-history":[{"count":1,"href":"https:\/\/test-ciekawsko.pl\/katalog-firm\/wp-json\/wp\/v2\/pages\/23423\/revisions"}],"predecessor-version":[{"id":23424,"href":"https:\/\/test-ciekawsko.pl\/katalog-firm\/wp-json\/wp\/v2\/pages\/23423\/revisions\/23424"}],"wp:attachment":[{"href":"https:\/\/test-ciekawsko.pl\/katalog-firm\/wp-json\/wp\/v2\/media?parent=23423"}],"curies":[{"name":"wp","href":"https:\/\/api.w.org\/{rel}","templated":true}]}}